{"id":753,"date":"2022-03-29T13:37:27","date_gmt":"2022-03-29T11:37:27","guid":{"rendered":"https:\/\/www.ad-puteus.com\/general-terms-and-conditions\/"},"modified":"2022-05-05T22:51:24","modified_gmt":"2022-05-05T20:51:24","slug":"general-terms-and-conditions","status":"publish","type":"page","link":"https:\/\/www.ad-puteus.com\/en\/general-terms-and-conditions\/","title":{"rendered":"General Terms and Conditions"},"content":{"rendered":"\t\t<div data-elementor-type=\"wp-page\" data-elementor-id=\"753\" class=\"elementor elementor-753 elementor-48\">\n\t\t\t\t\t\t\t\t\t<section class=\"elementor-section elementor-top-section elementor-element elementor-element-e8c6d08 elementor-section-boxed elementor-section-height-default elementor-section-height-default\" data-id=\"e8c6d08\" data-element_type=\"section\">\n\t\t\t\t\t\t<div class=\"elementor-container elementor-column-gap-default\">\n\t\t\t\t\t<div class=\"elementor-column elementor-col-100 elementor-top-column elementor-element elementor-element-3cc7680b\" data-id=\"3cc7680b\" data-element_type=\"column\">\n\t\t\t<div class=\"elementor-widget-wrap elementor-element-populated\">\n\t\t\t\t\t\t\t\t<div class=\"elementor-element elementor-element-4cb5e42a elementor-widget elementor-widget-heading\" data-id=\"4cb5e42a\" data-element_type=\"widget\" data-widget_type=\"heading.default\">\n\t\t\t\t<div class=\"elementor-widget-container\">\n\t\t\t<style>\/*! elementor - v3.9.1 - 14-12-2022 *\/\n.elementor-heading-title{padding:0;margin:0;line-height:1}.elementor-widget-heading .elementor-heading-title[class*=elementor-size-]>a{color:inherit;font-size:inherit;line-height:inherit}.elementor-widget-heading .elementor-heading-title.elementor-size-small{font-size:15px}.elementor-widget-heading .elementor-heading-title.elementor-size-medium{font-size:19px}.elementor-widget-heading .elementor-heading-title.elementor-size-large{font-size:29px}.elementor-widget-heading .elementor-heading-title.elementor-size-xl{font-size:39px}.elementor-widget-heading .elementor-heading-title.elementor-size-xxl{font-size:59px}<\/style><h1 class=\"elementor-heading-title elementor-size-default\">General Terms and Conditions<\/h1>\t\t<\/div>\n\t\t\t\t<\/div>\n\t\t\t\t\t<\/div>\n\t\t<\/div>\n\t\t\t\t\t\t\t<\/div>\n\t\t<\/section>\n\t\t\t\t<section class=\"elementor-section elementor-top-section elementor-element elementor-element-6ce52ed9 elementor-section-boxed elementor-section-height-default elementor-section-height-default\" data-id=\"6ce52ed9\" data-element_type=\"section\">\n\t\t\t\t\t\t<div class=\"elementor-container elementor-column-gap-default\">\n\t\t\t\t\t<div class=\"elementor-column elementor-col-100 elementor-top-column elementor-element elementor-element-371fa610\" data-id=\"371fa610\" data-element_type=\"column\">\n\t\t\t<div class=\"elementor-widget-wrap elementor-element-populated\">\n\t\t\t\t\t\t\t\t<div class=\"elementor-element elementor-element-27286351 elementor-widget elementor-widget-text-editor\" data-id=\"27286351\" data-element_type=\"widget\" data-widget_type=\"text-editor.default\">\n\t\t\t\t<div class=\"elementor-widget-container\">\n\t\t\t<style>\/*! elementor - v3.9.1 - 14-12-2022 *\/\n.elementor-widget-text-editor.elementor-drop-cap-view-stacked .elementor-drop-cap{background-color:#818a91;color:#fff}.elementor-widget-text-editor.elementor-drop-cap-view-framed .elementor-drop-cap{color:#818a91;border:3px solid;background-color:transparent}.elementor-widget-text-editor:not(.elementor-drop-cap-view-default) .elementor-drop-cap{margin-top:8px}.elementor-widget-text-editor:not(.elementor-drop-cap-view-default) .elementor-drop-cap-letter{width:1em;height:1em}.elementor-widget-text-editor .elementor-drop-cap{float:left;text-align:center;line-height:1;font-size:50px}.elementor-widget-text-editor .elementor-drop-cap-letter{display:inline-block}<\/style>\t\t\t\t<p>This page only exists in german!<\/p><p>Allgemeine Gesch\u00e4ftsbedingungen<\/p><p>1. Allgemeines \u2013 Geltungsbereich<\/p><p>1.1 Unsere Verkaufsbedingungen gelten ausschlie\u00dflich; entgegenstehende oder von unseren Verkaufsbedingungen abweichende Bedingungen des Kunden erkennen wir nicht an, es sei denn, wir h\u00e4tten ausdr\u00fccklich schriftlich ihrer Geltung zugestimmt.<\/p><p>Unsere Verkaufsbedingungen gelten auch dann, wenn wir in Kenntnis entgegenstehender oder von unseren Verkaufsbedingungen abweichender Bedingungen des Kunden die Lieferung an den Kunden vorbehaltlos ausf\u00fchren.<\/p><p>1.2 Alle Vereinbarungen, die zwischen uns und dem Kunden zwecks Ausf\u00fchrung des jeweiligen Vertrages getroffen werden, sind in dem jeweiligen Vertrag schriftlich niedergelegt.<\/p><p>2. Angebot \u2013 Angebotsunterlagen<\/p><p>2.1 Ist die Bestellung als Angebot zu qualifizieren, so k\u00f6nnen wir dieses innerhalb von 2 Wochen annehmen.<\/p><p>2.2 An Abbildungen, Zeichnungen, Kalkulationen und sonstigen Unterlagen behalten wir uns Eigentums- und Urheberrechte vor. Dies gilt auch f\u00fcr solche schriftlichen Unterlagen, die als \u201evertraulich\u201c bezeichnet sind. Vor ihrer Weitergabe an Dritte bedarf der Kunde unserer ausdr\u00fccklichen schriftlichen Zustimmung.<\/p><p>3. Preise \u2013 Zahlungsbedingungen<\/p><p>3.1 Sofern sich aus der Auftragsbest\u00e4tigung nichts anderes ergibt, gelten unsere Preise \u201eab Werk\u201c, ausschlie\u00dflich Verpackung; diese wird gesondert in Rechnung gestellt.<\/p><p>3.2 Die gesetzliche Mehrwertsteuer ist nicht in unseren Preisen eingeschlossen; sie wird in gesetzlicher H\u00f6he am Tag der Rechnungsstellung in der Rechnung gesondert ausgewiesen.<\/p><p>3.3 Der Abzug von Skonto bedarf besonderer schriftlicher Vereinbarung.<\/p><p>3.4 Sofern sich aus der Auftragsbest\u00e4tigung nichts anderes ergibt, ist der Kaufpreis netto (d.h. ohne Abzug) innerhalb von 30 Tagen ab Rechnungsdatum zur Zahlung f\u00e4llig. Es gelten die gesetzlichen Regeln betreffend die Folgen des Zahlungsverzugs.<\/p><p>3.5 Aufrechnungsrechte stehen dem Kunden nur zu, wenn seine Gegenanspr\u00fcche rechtskr\u00e4ftig festgestellt, unbestritten oder von uns anerkannt sind. Au\u00dferdem ist er zur Aus\u00fcbung eines Zur\u00fcckbehaltungsrechts insoweit befugt, als sein Gegenanspruch auf dem gleichen Vertragsverh\u00e4ltnis beruht.<\/p><p>4. Lieferzeit<\/p><p>4.1 Der Beginn der von uns angegebenen Lieferzeit setzt die Abkl\u00e4rung aller technischen Fragen voraus.<\/p><p>4.2 Die Einhaltung unserer Lieferverpflichtung setzt weiter die rechtzeitige und ordnungsgem\u00e4\u00dfe Erf\u00fcllung der Verpflichtungen des Kunden voraus. Die Einrede des nicht erf\u00fcllten Vertrages bleibt vorbehalten.<\/p><p>4.3 Kommt der Kunde in Annahmeverzug oder verletzt er schuldhaft sonstige Mitwirkungspflichten, so sind wir berechtigt, den uns insoweit entstehenden Schaden, einschlie\u00dflich etwaiger Mehraufwendungen ersetzt zu verlangen. Weitergehende Anspr\u00fcche oder Rechte bleiben vorbehalten.<\/p><p>4.4 Sofern die Voraussetzungen von Ziffer 4.3 vorliegen, geht die Gefahr eines zuf\u00e4lligen Untergangs oder einer zuf\u00e4lligen Verschlechterung der Kaufsache in dem Zeitpunkt auf den Kunden \u00fcber, in dem dieser in Annahme- oder Schuldnerverzug geraten ist.<\/p><p>4.5 Wir haften nach den gesetzlichen Bestimmungen, soweit der zugrundeliegende Kaufvertrag ein Fixgesch\u00e4ft ist. Wir haften auch nach den gesetzlichen Bestimmungen, sofern als Folge eines von uns zu vertretenden Lieferverzugs der Kunde berechtigt ist geltend zu machen, dass sein Interesse an der weiteren Vertragserf\u00fcllung in Fortfall geraten ist.<\/p><p>4.6 Wir haften ferner nach den gesetzlichen Bestimmungen, sofern der Lieferverzug auf einer von uns zu vertretenden vors\u00e4tzlichen oder grob fahrl\u00e4ssigen Vertragsverletzung beruht; ein Verschulden unserer Vertreter oder Erf\u00fcllungsgehilfen ist uns zuzurechnen. Sofern der Lieferverzug auf einer von uns zu vertretenden grob fahrl\u00e4ssigen Vertragsverletzung beruht, ist unsere Schadensersatzhaftung auf den vorhersehbaren, typischerweise eintretenden Schaden begrenzt.<\/p><p>4.7 Wir haften auch dann nach den gesetzlichen Bestimmungen, soweit der von uns zu vertretende Lieferverzug auf der schuldhaften Verletzung einer wesentlichen Vertragspflicht beruht; in diesem Fall ist aber die Schadensersatzhaftung auf den vorhersehbaren, typischerweise eintretenden Schaden begrenzt.<\/p><p>4.8 Im \u00dcbrigen haften wir im Fall des Lieferverzugs f\u00fcr jede vollendete Woche Verzug im Rahmen einer pauschalierten Verzugsentsch\u00e4digung in H\u00f6he von 1 % des Lieferwertes, maximal jedoch nicht mehr als 5 % des Lieferwertes.<\/p><p>4.9 Weitere gesetzliche Anspr\u00fcche und Rechte des Kunden bleiben vorbehalten.<\/p><p>5. Gefahren\u00fcbergang \u2013 Verpackungskosten<\/p><p>5.1 Sofern sich aus der Auftragsbest\u00e4tigung nichts anderes ergibt, ist Lieferung \u201eab Werk\u201c vereinbart.<\/p><p>5.2 F\u00fcr die R\u00fccknahme von Verpackungen gelten gesonderte Vereinbarungen.<\/p><p>6. M\u00e4ngelhaftung<\/p><p>6.1 M\u00e4ngelanspr\u00fcche des Kunden setzen voraus, dass dieser seinen nach \u00a7 377 HGB geschuldeten Untersuchungs- und R\u00fcgeobliegenheiten ordnungsgem\u00e4\u00df nachgekommen ist.<\/p><p>6.2 Soweit ein Mangel der Kaufsache vorliegt, sind wir nach unserer Wahl zur Nacherf\u00fcllung in Form einer Mangelbeseitigung oder zur Lieferung einer neuen mangelfreien Sache berechtigt. Im Fall der Mangelbeseitigung oder der Ersatzlieferung sind wir verpflichtet, alle zum Zweck der Nacherf\u00fcllung erforderlichen Aufwendungen, insbesondere Transport-, Wege-, Arbeits- und Materialkosten zu tragen, soweit sich diese nicht dadurch erh\u00f6hen, dass die Kaufsache nach einem anderen Ort als dem Erf\u00fcllungsort verbracht wurde.<\/p><p>6.3 Schl\u00e4gt die Nacherf\u00fcllung fehl, so ist der Kunde nach seiner Wahl berechtigt, R\u00fccktritt oder Minderung zu verlangen.<\/p><p>6.4 Wir haften nach den gesetzlichen Bestimmungen, sofern der Kunde Schadensersatzanspr\u00fcche geltend macht, die auf Vorsatz oder grober Fahrl\u00e4ssigkeit, einschlie\u00dflich von Vorsatz oder grober Fahrl\u00e4ssigkeit unserer Vertreter oder Erf\u00fcllungsgehilfen beruhen. Soweit uns keine vors\u00e4tzliche Vertragsverletzung angelastet wird, ist die Schadensersatzhaftung auf den vorhersehbaren, typischerweise eintretenden Schaden begrenzt.<\/p><p>6.5 Wir haften nach den gesetzlichen Bestimmungen, sofern wir schuldhaft eine wesentliche Vertragspflicht verletzen; auch in diesem Fall ist aber die Schadensersatzhaftung auf den vorhersehbaren, typischerweise eintretenden Schaden begrenzt.<\/p><p>6.6 Die Haftung wegen schuldhafter Verletzung des Lebens, des K\u00f6rpers oder der Gesundheit bleibt unber\u00fchrt; dies gilt auch f\u00fcr die zwingende Haftung nach dem Produkthaftungsgesetz.<\/p><p>6.7 Soweit nicht vorstehend etwas Abweichendes geregelt, ist die Haftung ausgeschlossen.<\/p><p>6.8 Die Verj\u00e4hrungsfrist f\u00fcr M\u00e4ngelanspr\u00fcche betr\u00e4gt 12 Monate, gerechnet ab Gefahr\u00fcbergang. Dies gilt nicht, soweit die Kaufsache \u00fcblicherweise f\u00fcr ein Bauwerk verwendet wird und den Mangel verursacht hat.<\/p><p>6.9 Die Verj\u00e4hrungsfrist im Fall eines Lieferregresses bleibt unber\u00fchrt; sie betr\u00e4gt f\u00fcnf Jahre, gerechnet ab Ablieferung der mangelhaften Sache.<\/p><p>7. Gesamthaftung<\/p><p>7.1 Eine weitergehende Haftung auf Schadensersatz, ist \u2013 ohne R\u00fccksicht auf die Rechtsnatur des geltend gemachten Anspruchs \u2013 ausgeschlossen. Dies gilt insbesondere f\u00fcr Schadensersatzanspr\u00fcche aus Verschulden bei Vertragsabschluss, wegen sonstiger Pflichtverletzungen oder wegen deliktischer Anspr\u00fcche auf Ersatz von Sachsch\u00e4den.<\/p><p>7.2 Die Begrenzung nach Ziffer 7.1 gilt auch, soweit der Kunde anstelle eines Anspruchs auf Ersatz des Schadens, statt der Leistung Ersatz nutzloser Aufwendungen verlangt.<\/p><p>7.3 Soweit die Schadensersatzhaftung uns gegen\u00fcber ausgeschlossen oder eingeschr\u00e4nkt ist, gilt dies auch im Hinblick auf die pers\u00f6nliche Schadensersatzhaftung unserer Angestellten, Arbeitnehmer, Mitarbeiter, Vertreter und Erf\u00fcllungsgehilfen.<\/p><p>8. Eigentumsvorbehaltssicherung<\/p><p>8.1 Wir behalten uns das Eigentum an der Kaufsache bis zum Eingang aller Zahlungen aus dem Liefervertrag vor. Bei vertragswidrigem Verhalten des Kunden, insbesondere bei Zahlungsverzug, sind wir berechtigt, die Kaufsache zur\u00fcckzunehmen. In der Zur\u00fccknahme der Kaufsache durch uns liegt kein R\u00fccktritt vom Vertrag. Wir sind nach R\u00fccknahme der Kaufsache zu deren Verwertung befugt, der Verwertungserl\u00f6s ist auf die Verbindlichkeiten des Kunden \u2013 abz\u00fcglich angemessener Verwertungskosten \u2013 anzurechnen.<\/p><p>8.2 Der Kunde ist verpflichtet, die Kaufsache pfleglich zu behandeln; insbesondere ist er verpflichtet, diese auf eigene Kosten gegen Feuer-, Wasser- und Diebstahlssch\u00e4den ausreichend zum Neuwert zu versichern. Sofern Wartungs- und Inspektionsarbeiten erforderlich sind, muss der Kunde diese auf eigene Kosten rechtzeitig durchf\u00fchren.<\/p><p>8.3 Bei Pf\u00e4ndungen oder sonstigen Eingriffen Dritter hat uns der Kunde unverz\u00fcglich schriftlich zu benachrichtigen, damit wir Klage erheben k\u00f6nnen. Soweit der Dritte nicht in der Lage ist, uns die gerichtlichen und au\u00dfergerichtlichen Kosten einer Klage zu erstatten, haftet der Kunde f\u00fcr den uns entstandenen Ausfall.<\/p><p>8.4 Der Kunde ist berechtigt, die Kaufsache im ordentlichen Gesch\u00e4ftsgang weiter zu verkaufen; er tritt uns jedoch bereits jetzt alle Forderungen in H\u00f6he des Faktura-Endbetrages (einschlie\u00dflich MWSt) unserer Forderung ab, die ihm aus der Weiterver\u00e4u\u00dferung gegen seine Abnehmer oder Dritte erwachsen, und zwar unabh\u00e4ngig davon, ob die Kaufsache ohne oder nach Verarbeitung weiter verkauft worden ist. Zur Einziehung dieser Forderung bleibt der Kunde auch nach der Abtretung erm\u00e4chtigt. Unsere Befugnis, die Forderung selbst einzuziehen, bleibt hiervon unber\u00fchrt. Wir verpflichten uns jedoch, die Forderung nicht einzuziehen, solange der Kunde seinen Zahlungs-verpflichtungen aus den vereinnahmten Erl\u00f6sen nachkommt, nicht in Zahlungsverzug ger\u00e4t und insbesondere kein Antrag auf Er\u00f6ffnung eines Insolvenzverfahrens gestellt ist oder Zahlungseinstellung vorliegt. Ist aber dies der Fall, so k\u00f6nnen wir verlangen, dass der Kunde uns die abgetretenen Forderungen und deren Schuldner bekannt gibt, alle zum Einzug erforderlichen Angaben macht, die dazugeh\u00f6rigen Unterlagen aush\u00e4ndigt und den Schuldnern (Dritten) die Abtretung mitteilt.<\/p><p>8.5 Die Verarbeitung oder Umbildung der Kaufsache durch den Kunden wird stets f\u00fcr uns vorgenommen. Wird die Kaufsache mit anderen, uns nicht geh\u00f6renden Gegenst\u00e4nden verarbeitet, so erwerben wir das Miteigentum an der neuen Sache im Verh\u00e4ltnis des Wertes der Kaufsache (Fakturaendbetrag, einschlie\u00dflich MWSt) zu den anderen verarbeiteten Gegenst\u00e4nden zur Zeit der Verarbeitung. F\u00fcr die durch Verarbeitung entstehende Sache gilt im \u00dcbrigen das Gleiche wie f\u00fcr die unter Vorbehalt gelieferte Kaufsache.<\/p><p>8.6 Wird die Kaufsache mit anderen, uns nicht geh\u00f6renden Gegenst\u00e4nden untrennbar vermischt, so erwerben wir das Miteigentum an der neuen Sache im Verh\u00e4ltnis des Wertes der Kaufsache (Fakturaendbetrag, einschlie\u00dflich MWSt) zu den anderen vermischten Gegenst\u00e4nden zum Zeitpunkt der Vermischung. Erfolgt die Vermischung in der Weise, dass die Sache des Kunden als Hauptsache anzusehen ist, so gilt als vereinbart, dass der Kunde uns anteilm\u00e4\u00dfig Miteigentum \u00fcbertr\u00e4gt. Der Kunde verwahrt das so entstandene Alleineigentum oder Miteigentum f\u00fcr uns.<\/p><p>8.7 Der Kunde tritt uns auch die Forderung zur Sicherung unserer Forderung gegen ihn ab, die durch die Verbindung der Kaufsache mit einem Grundst\u00fcck gegen einen Dritten erwachsen.<\/p><p>8.8 Wir verpflichten uns, die uns zustehenden Sicherheiten auf Verlangen des Kunden insoweit freizugeben, als der realisierbare Wert unserer Sicherheiten die zu sichernden Forderungen um mehr als 20 % \u00fcbersteigt; die Auswahl der freizugebenden Sicherheiten obliegt uns.<\/p><p>9. Gerichtsstand \u2013 Erf\u00fcllungsort<\/p><p>9.1 Sofern der Kunde Kaufmann ist, ist unser Gesch\u00e4ftssitz Gerichtsstand; wir sind jedoch berechtigt, den Kunden auch an seinem Wohnsitzgericht zu verklagen.<\/p><p>9.2 Es gilt das Recht der Republik \u00d6sterreich; die Geltung des UN-Kaufrechts ist ausgeschlossen.<\/p><p>9.3 Sofern sich aus der Auftragsbest\u00e4tigung nichts anderes ergibt, ist unser Gesch\u00e4ftssitz Erf\u00fcllungsort.<\/p>\t\t\t\t\t\t<\/div>\n\t\t\t\t<\/div>\n\t\t\t\t\t<\/div>\n\t\t<\/div>\n\t\t\t\t\t\t\t<\/div>\n\t\t<\/section>\n\t\t\t\t\t\t\t<\/div>\n\t\t","protected":false},"excerpt":{"rendered":"<p>General Terms and Conditions This page only exists in german! Allgemeine Gesch\u00e4ftsbedingungen 1. Allgemeines \u2013 Geltungsbereich 1.1 Unsere Verkaufsbedingungen gelten ausschlie\u00dflich; entgegenstehende oder von unseren Verkaufsbedingungen abweichende Bedingungen des Kunden erkennen wir nicht an, es sei denn, wir h\u00e4tten ausdr\u00fccklich schriftlich ihrer Geltung zugestimmt. Unsere Verkaufsbedingungen gelten auch dann, wenn wir in Kenntnis entgegenstehender oder [&hellip;]<\/p>\n","protected":false},"author":1,"featured_media":0,"parent":0,"menu_order":0,"comment_status":"closed","ping_status":"closed","template":"","meta":{"footnotes":""},"class_list":["post-753","page","type-page","status-publish","hentry"],"_links":{"self":[{"href":"https:\/\/www.ad-puteus.com\/en\/wp-json\/wp\/v2\/pages\/753","targetHints":{"allow":["GET"]}}],"collection":[{"href":"https:\/\/www.ad-puteus.com\/en\/wp-json\/wp\/v2\/pages"}],"about":[{"href":"https:\/\/www.ad-puteus.com\/en\/wp-json\/wp\/v2\/types\/page"}],"author":[{"embeddable":true,"href":"https:\/\/www.ad-puteus.com\/en\/wp-json\/wp\/v2\/users\/1"}],"replies":[{"embeddable":true,"href":"https:\/\/www.ad-puteus.com\/en\/wp-json\/wp\/v2\/comments?post=753"}],"version-history":[{"count":7,"href":"https:\/\/www.ad-puteus.com\/en\/wp-json\/wp\/v2\/pages\/753\/revisions"}],"predecessor-version":[{"id":958,"href":"https:\/\/www.ad-puteus.com\/en\/wp-json\/wp\/v2\/pages\/753\/revisions\/958"}],"wp:attachment":[{"href":"https:\/\/www.ad-puteus.com\/en\/wp-json\/wp\/v2\/media?parent=753"}],"curies":[{"name":"wp","href":"https:\/\/api.w.org\/{rel}","templated":true}]}}