{"id":509,"date":"2022-03-29T12:28:18","date_gmt":"2022-03-29T10:28:18","guid":{"rendered":"https:\/\/www.ad-puteus.com\/data-protection\/"},"modified":"2022-05-04T08:03:46","modified_gmt":"2022-05-04T06:03:46","slug":"data-protection","status":"publish","type":"page","link":"https:\/\/www.ad-puteus.com\/en\/data-protection\/","title":{"rendered":"Data protection"},"content":{"rendered":"\t\t<div data-elementor-type=\"wp-page\" data-elementor-id=\"509\" class=\"elementor elementor-509 elementor-44\">\n\t\t\t\t\t\t\t\t\t<section class=\"elementor-section elementor-top-section elementor-element elementor-element-10d0f5af elementor-section-boxed elementor-section-height-default elementor-section-height-default\" data-id=\"10d0f5af\" data-element_type=\"section\">\n\t\t\t\t\t\t<div class=\"elementor-container elementor-column-gap-default\">\n\t\t\t\t\t<div class=\"elementor-column elementor-col-100 elementor-top-column elementor-element elementor-element-578d00c4\" data-id=\"578d00c4\" data-element_type=\"column\">\n\t\t\t<div class=\"elementor-widget-wrap elementor-element-populated\">\n\t\t\t\t\t\t\t\t<div class=\"elementor-element elementor-element-66913bb4 elementor-widget elementor-widget-heading\" data-id=\"66913bb4\" data-element_type=\"widget\" data-widget_type=\"heading.default\">\n\t\t\t\t<div class=\"elementor-widget-container\">\n\t\t\t<style>\/*! elementor - v3.9.1 - 14-12-2022 *\/\n.elementor-heading-title{padding:0;margin:0;line-height:1}.elementor-widget-heading .elementor-heading-title[class*=elementor-size-]>a{color:inherit;font-size:inherit;line-height:inherit}.elementor-widget-heading .elementor-heading-title.elementor-size-small{font-size:15px}.elementor-widget-heading .elementor-heading-title.elementor-size-medium{font-size:19px}.elementor-widget-heading .elementor-heading-title.elementor-size-large{font-size:29px}.elementor-widget-heading .elementor-heading-title.elementor-size-xl{font-size:39px}.elementor-widget-heading .elementor-heading-title.elementor-size-xxl{font-size:59px}<\/style><h1 class=\"elementor-heading-title elementor-size-default\">Declaration on the duty to provide information\n<\/h1>\t\t<\/div>\n\t\t\t\t<\/div>\n\t\t\t\t\t<\/div>\n\t\t<\/div>\n\t\t\t\t\t\t\t<\/div>\n\t\t<\/section>\n\t\t\t\t<section class=\"elementor-section elementor-top-section elementor-element elementor-element-40ee1e3d elementor-section-boxed elementor-section-height-default elementor-section-height-default\" data-id=\"40ee1e3d\" data-element_type=\"section\">\n\t\t\t\t\t\t<div class=\"elementor-container elementor-column-gap-default\">\n\t\t\t\t\t<div class=\"elementor-column elementor-col-100 elementor-top-column elementor-element elementor-element-48144a99\" data-id=\"48144a99\" data-element_type=\"column\">\n\t\t\t<div class=\"elementor-widget-wrap elementor-element-populated\">\n\t\t\t\t\t\t\t\t<div class=\"elementor-element elementor-element-1dfd181b elementor-widget elementor-widget-text-editor\" data-id=\"1dfd181b\" data-element_type=\"widget\" data-widget_type=\"text-editor.default\">\n\t\t\t\t<div class=\"elementor-widget-container\">\n\t\t\t<style>\/*! elementor - v3.9.1 - 14-12-2022 *\/\n.elementor-widget-text-editor.elementor-drop-cap-view-stacked .elementor-drop-cap{background-color:#818a91;color:#fff}.elementor-widget-text-editor.elementor-drop-cap-view-framed .elementor-drop-cap{color:#818a91;border:3px solid;background-color:transparent}.elementor-widget-text-editor:not(.elementor-drop-cap-view-default) .elementor-drop-cap{margin-top:8px}.elementor-widget-text-editor:not(.elementor-drop-cap-view-default) .elementor-drop-cap-letter{width:1em;height:1em}.elementor-widget-text-editor .elementor-drop-cap{float:left;text-align:center;line-height:1;font-size:50px}.elementor-widget-text-editor .elementor-drop-cap-letter{display:inline-block}<\/style>\t\t\t\t<h1>Generally<\/h1><p>The protection of your personal data is very important to us. We process therefore your data exclusively on the basis of the statutory provisions (GDPR, TKG 2003). In this data protection information, we inform you about the most important aspects of data processing on our website.<\/p><h1>Contact with us<\/h1><p>If you contact us using the form on the website or by e-mail, the data you provide will be stored by us for six months in order to process the request and in case of follow-up questions. We will of course not pass on this data without your consent.<\/p><h1>Cookies<\/h1><p>Our website is using cookies. These are small text files that are stored on your device with the help of the browser. They do no harm.<\/p><p>We use cookies to make our offer user-friendly. Some cookies remain stored on your device until you delete them. They enable us to recognize your browser the next time you visit.<\/p><p>If you do not want this, you can set up your browser so that it informs you about the setting of cookies and you only allow these in individual cases.<\/p><p>Deactivating cookies may restrict the functionality of our website.<\/p><h1>Web-Analyze<\/h1><p>Our website uses functions from Google Analytics, a web analysis service provided by Google Inc. (\u201cGoogle\u201d). Google Analytics uses so-called \u201ccookies\u201d (see point \u201cCookies\u201d), which are stored on your computer and which enable your use of the website to be analyzed.<\/p><p>The information generated by the cookie about your use of the website is usually transferred to a Google server in the USA and stored there. The IP address transmitted by your browser as part of Google Analytics will not be merged with other Google data. We have also added the code \u201canonymizeIP\u201d to Google Analytics on this website. This guarantees that your IP address is masked so that all data are collected anonymously. Only in exceptional cases will the full IP address be transmitted to a Google server in the USA and shortened there.<\/p><p>Google will use these collected information to evaluate your use of the website, to compile reports of website activity for the website operator and to provide other services relating to website activity and internet usage. Google may transfer this information to third parties if this is required by law or if third parties process this data on behalf of Google. Google will associate under no circumstances your IP address with other Google data. You can prevent this by setting up your browser so that no cookies are stored. We have concluded a contract for data processing order with the provider.<\/p><h1>SSL encryption<\/h1><p>This site uses SSL encryption for security reasons and to protect the transmission of confidential content, such as the inquiries that you send to us as the site operator. You can recognize an encrypted connection by the fact that the address line of the browser changes from \u201chttp: \/\/\u201d to \u201chttps: \/\/\u201d and by the lock symbol in your browser line.<\/p><p>If SSL encryption is activated, the data you transmit to us cannot be read by third parties.<\/p><h1>Your rights<\/h1><p>You have the right to data information, correction, deletion, restriction, data portability, revocation and objection. If you believe that the processing of your data violates data protection law or that your data protection claims have been violated in any other way, you can complain to the supervisory authority. In Europe this is the data protection authority in the concerning country. If you are outside of Europe please contact us directly with your request and we will for sure care about your concern.<\/p><h1>You can reach us under the following contact details:<\/h1><p>GTS PowerWork kft.<br \/>Feh\u00e9rv\u00e1ri \u00fat 75<br \/>HU &#8211; 9028 Gy\u00f6r<\/p><p><span style=\"color: #caa552;\"><a style=\"color: #caa552;\" href=\"mailto:sales@ad-PUTEUS.com\">sales@ad-PUTEUS.com<\/a><\/span><\/p><p>Timeliness: April 2022<\/p>\t\t\t\t\t\t<\/div>\n\t\t\t\t<\/div>\n\t\t\t\t\t<\/div>\n\t\t<\/div>\n\t\t\t\t\t\t\t<\/div>\n\t\t<\/section>\n\t\t\t\t\t\t\t<\/div>\n\t\t","protected":false},"excerpt":{"rendered":"<p>Declaration on the duty to provide information Generally The protection of your personal data is very important to us. We process therefore your data exclusively on the basis of the statutory provisions (GDPR, TKG 2003). In this data protection information, we inform you about the most important aspects of data processing on our website. Contact [&hellip;]<\/p>\n","protected":false},"author":1,"featured_media":0,"parent":0,"menu_order":0,"comment_status":"closed","ping_status":"closed","template":"","meta":{"footnotes":""},"class_list":["post-509","page","type-page","status-publish","hentry"],"_links":{"self":[{"href":"https:\/\/www.ad-puteus.com\/en\/wp-json\/wp\/v2\/pages\/509","targetHints":{"allow":["GET"]}}],"collection":[{"href":"https:\/\/www.ad-puteus.com\/en\/wp-json\/wp\/v2\/pages"}],"about":[{"href":"https:\/\/www.ad-puteus.com\/en\/wp-json\/wp\/v2\/types\/page"}],"author":[{"embeddable":true,"href":"https:\/\/www.ad-puteus.com\/en\/wp-json\/wp\/v2\/users\/1"}],"replies":[{"embeddable":true,"href":"https:\/\/www.ad-puteus.com\/en\/wp-json\/wp\/v2\/comments?post=509"}],"version-history":[{"count":13,"href":"https:\/\/www.ad-puteus.com\/en\/wp-json\/wp\/v2\/pages\/509\/revisions"}],"predecessor-version":[{"id":939,"href":"https:\/\/www.ad-puteus.com\/en\/wp-json\/wp\/v2\/pages\/509\/revisions\/939"}],"wp:attachment":[{"href":"https:\/\/www.ad-puteus.com\/en\/wp-json\/wp\/v2\/media?parent=509"}],"curies":[{"name":"wp","href":"https:\/\/api.w.org\/{rel}","templated":true}]}}