{"id":499,"date":"2022-03-29T12:28:00","date_gmt":"2022-03-29T10:28:00","guid":{"rendered":"https:\/\/www.ad-puteus.com\/impress\/"},"modified":"2022-04-29T08:13:58","modified_gmt":"2022-04-29T06:13:58","slug":"imprint","status":"publish","type":"page","link":"https:\/\/www.ad-puteus.com\/en\/imprint\/","title":{"rendered":"Imprint"},"content":{"rendered":"\t\t<div data-elementor-type=\"wp-page\" data-elementor-id=\"499\" class=\"elementor elementor-499 elementor-42\">\n\t\t\t\t\t\t\t\t\t<section class=\"elementor-section elementor-top-section elementor-element elementor-element-7a03ede7 elementor-section-boxed elementor-section-height-default elementor-section-height-default\" data-id=\"7a03ede7\" data-element_type=\"section\">\n\t\t\t\t\t\t<div class=\"elementor-container elementor-column-gap-default\">\n\t\t\t\t\t<div class=\"elementor-column elementor-col-100 elementor-top-column elementor-element elementor-element-5d773b17\" data-id=\"5d773b17\" data-element_type=\"column\">\n\t\t\t<div class=\"elementor-widget-wrap elementor-element-populated\">\n\t\t\t\t\t\t\t\t<div class=\"elementor-element elementor-element-520031fb elementor-widget elementor-widget-heading\" data-id=\"520031fb\" data-element_type=\"widget\" data-widget_type=\"heading.default\">\n\t\t\t\t<div class=\"elementor-widget-container\">\n\t\t\t<style>\/*! elementor - v3.9.1 - 14-12-2022 *\/\n.elementor-heading-title{padding:0;margin:0;line-height:1}.elementor-widget-heading .elementor-heading-title[class*=elementor-size-]>a{color:inherit;font-size:inherit;line-height:inherit}.elementor-widget-heading .elementor-heading-title.elementor-size-small{font-size:15px}.elementor-widget-heading .elementor-heading-title.elementor-size-medium{font-size:19px}.elementor-widget-heading .elementor-heading-title.elementor-size-large{font-size:29px}.elementor-widget-heading .elementor-heading-title.elementor-size-xl{font-size:39px}.elementor-widget-heading .elementor-heading-title.elementor-size-xxl{font-size:59px}<\/style><h1 class=\"elementor-heading-title elementor-size-default\">Impress<\/h1>\t\t<\/div>\n\t\t\t\t<\/div>\n\t\t\t\t\t<\/div>\n\t\t<\/div>\n\t\t\t\t\t\t\t<\/div>\n\t\t<\/section>\n\t\t\t\t<section class=\"elementor-section elementor-top-section elementor-element elementor-element-1b8cce85 elementor-section-boxed elementor-section-height-default elementor-section-height-default\" data-id=\"1b8cce85\" data-element_type=\"section\">\n\t\t\t\t\t\t<div class=\"elementor-container elementor-column-gap-default\">\n\t\t\t\t\t<div class=\"elementor-column elementor-col-100 elementor-top-column elementor-element elementor-element-245ab31d\" data-id=\"245ab31d\" data-element_type=\"column\">\n\t\t\t<div class=\"elementor-widget-wrap elementor-element-populated\">\n\t\t\t\t\t\t\t\t<div class=\"elementor-element elementor-element-7316e91b elementor-widget elementor-widget-text-editor\" data-id=\"7316e91b\" data-element_type=\"widget\" data-widget_type=\"text-editor.default\">\n\t\t\t\t<div class=\"elementor-widget-container\">\n\t\t\t<style>\/*! elementor - v3.9.1 - 14-12-2022 *\/\n.elementor-widget-text-editor.elementor-drop-cap-view-stacked .elementor-drop-cap{background-color:#818a91;color:#fff}.elementor-widget-text-editor.elementor-drop-cap-view-framed .elementor-drop-cap{color:#818a91;border:3px solid;background-color:transparent}.elementor-widget-text-editor:not(.elementor-drop-cap-view-default) .elementor-drop-cap{margin-top:8px}.elementor-widget-text-editor:not(.elementor-drop-cap-view-default) .elementor-drop-cap-letter{width:1em;height:1em}.elementor-widget-text-editor .elementor-drop-cap{float:left;text-align:center;line-height:1;font-size:50px}.elementor-widget-text-editor .elementor-drop-cap-letter{display:inline-block}<\/style>\t\t\t\t<p>Information about Puteus holy water fountain<\/p><p>GTS PowerWork kft.<br \/>Feh\u00e9rv\u00e1ri \u00fat 75<br \/>HU &#8211; 9028 Gy\u00f6r<\/p><p>Managing partner: Oliver Schieslingstrasser (100% shareholder)<\/p><p>Telephone: +36 (0)96 884002<br \/>E-mail: Welcome@GTS-PowerWork.com<\/p><p>Sales tax identification no.: HU 25991521<br \/>Commercial register number: 08-09-029205<br \/>Commercial Register Court: Gy\u0151ri T\u00f6rv\u00e9nysz\u00e9k C\u00e9gb\u00edr\u00f3s\u00e1ga<br \/>Supervisory authority: C\u00e9gb\u00edr\u00f3s\u00e1g<\/p><p>Purpose of the company: Trade<\/p><p>Chamber of Commerce: Gy\u0151r-Moson-Sopron Megyei\u00a0 Kereskedelmi \u00e9s Iparkamara<\/p><p>Information on online dispute resolution: Consumers can send a complaint to the e-mail address given above. We do not take part in arbitration proceedings from dispute resolution platforms.<\/p><h1>Content<\/h1><p>Content responsibility: GTS PowerWork kft<br \/>Concept + design: Crossmediagroup GmbH <span style=\"color: #caa552;\"><a style=\"color: #caa552;\" href=\"https:\/\/www.crossmediagroup.at\" target=\"_blank\" rel=\"noopener\">www.crossmediagroup.at<\/a><\/span><br \/>Photos: Heidemarie Pleschko Fotografie, A-4631 Krenglbach\u00a0<span style=\"color: #caa552;\"><a style=\"color: #caa552;\" href=\"http:\/\/www.pleschko-fotografie.com\/\">www.pleschko-fotografie.com<\/a><\/span><br \/>Programming: PcHelpline.at e.U. <span style=\"color: #caa552;\"><a style=\"color: #caa552;\" href=\"https:\/\/www.pc-helpline.at\" target=\"_blank\" rel=\"noopener\">www.pc-helpline.at<\/a><\/span><\/p><p>GTS PowerWork kft. is the media owner and publisher and is responsible for the content of the website.<\/p><h1>Liability<\/h1><p>GTS PowerWork kft. is novating no liability for the operation of this website and the unrestricted availability of the website and its content. Contents, reports and opinions are from GTS PowerWork kft. carefully considered and checked, but GTS PowerWork kft. is novating no liability for the correctness, authenticity and completeness of the provided information, especially not for the content of third parties. Any liability for indirect or direct or other damage, regardless of its causes, from the use or unavailability of the data and information on this website is excluded, as far as legally permissible.<\/p><h1>Copyright<\/h1><p>This website and its contents are protected by copyright. Any use that goes beyond personal use, in particular the distribution, duplication, transfer to third parties, storage in databases, making available and processing as well as any commercial use, also in parts or in revised form, is not permitted without the consent of GTS PowerWork kft: We point out that the use of images, texts or parts thereof in printed or online publications requires the written consent of GTS PowerWork kft.<\/p><h1>Links<\/h1><p>GTS PowerWork kft is novating no liability for the content of third-party websites to which there is direct access via (hyper)links, it neither checks their content nor legality and has no influence on their design or content. The integration of the content of this website or extracts from it in external frames is prohibited.<\/p><h1>Equality<\/h1><p>All non-specific gender information appearing on the website follows the unisex principle and therefore applies equally to both genders.<\/p>\t\t\t\t\t\t<\/div>\n\t\t\t\t<\/div>\n\t\t\t\t\t<\/div>\n\t\t<\/div>\n\t\t\t\t\t\t\t<\/div>\n\t\t<\/section>\n\t\t\t\t\t\t\t<\/div>\n\t\t","protected":false},"excerpt":{"rendered":"<p>Impress Information about Puteus holy water fountain GTS PowerWork kft.Feh\u00e9rv\u00e1ri \u00fat 75HU &#8211; 9028 Gy\u00f6r Managing partner: Oliver Schieslingstrasser (100% shareholder) Telephone: +36 (0)96 884002E-mail: Welcome@GTS-PowerWork.com Sales tax identification no.: HU 25991521Commercial register number: 08-09-029205Commercial Register Court: Gy\u0151ri T\u00f6rv\u00e9nysz\u00e9k C\u00e9gb\u00edr\u00f3s\u00e1gaSupervisory authority: C\u00e9gb\u00edr\u00f3s\u00e1g Purpose of the company: Trade Chamber of Commerce: Gy\u0151r-Moson-Sopron Megyei\u00a0 Kereskedelmi \u00e9s Iparkamara [&hellip;]<\/p>\n","protected":false},"author":1,"featured_media":0,"parent":0,"menu_order":0,"comment_status":"closed","ping_status":"closed","template":"","meta":{"footnotes":""},"class_list":["post-499","page","type-page","status-publish","hentry"],"_links":{"self":[{"href":"https:\/\/www.ad-puteus.com\/en\/wp-json\/wp\/v2\/pages\/499","targetHints":{"allow":["GET"]}}],"collection":[{"href":"https:\/\/www.ad-puteus.com\/en\/wp-json\/wp\/v2\/pages"}],"about":[{"href":"https:\/\/www.ad-puteus.com\/en\/wp-json\/wp\/v2\/types\/page"}],"author":[{"embeddable":true,"href":"https:\/\/www.ad-puteus.com\/en\/wp-json\/wp\/v2\/users\/1"}],"replies":[{"embeddable":true,"href":"https:\/\/www.ad-puteus.com\/en\/wp-json\/wp\/v2\/comments?post=499"}],"version-history":[{"count":16,"href":"https:\/\/www.ad-puteus.com\/en\/wp-json\/wp\/v2\/pages\/499\/revisions"}],"predecessor-version":[{"id":914,"href":"https:\/\/www.ad-puteus.com\/en\/wp-json\/wp\/v2\/pages\/499\/revisions\/914"}],"wp:attachment":[{"href":"https:\/\/www.ad-puteus.com\/en\/wp-json\/wp\/v2\/media?parent=499"}],"curies":[{"name":"wp","href":"https:\/\/api.w.org\/{rel}","templated":true}]}}